{"id":27,"date":"2019-08-08T20:32:59","date_gmt":"2019-08-08T20:32:59","guid":{"rendered":"http:\/\/fhs.cl\/wp\/colegio\/?page_id=27"},"modified":"2026-01-09T09:04:04","modified_gmt":"2026-01-09T13:04:04","slug":"elementor-27","status":"publish","type":"page","link":"https:\/\/fhs.cl\/wp\/","title":{"rendered":"Home"},"content":{"rendered":"\t\t<div data-elementor-type=\"wp-post\" data-elementor-id=\"27\" class=\"elementor elementor-27\" data-elementor-post-type=\"page\">\n\t\t\t\t\t\t<section class=\"has_ae_slider elementor-section elementor-top-section elementor-element elementor-element-a149dab elementor-section-full_width elementor-section-height-default elementor-section-height-default ae-bg-gallery-type-default\" data-id=\"a149dab\" data-element_type=\"section\" data-settings=\"{&quot;background_background&quot;:&quot;classic&quot;}\">\n\t\t\t\t\t\t<div class=\"elementor-container elementor-column-gap-default\">\n\t\t\t\t\t<div class=\"has_ae_slider elementor-column elementor-col-100 elementor-top-column elementor-element elementor-element-2a7dea0 ae-bg-gallery-type-default\" data-id=\"2a7dea0\" data-element_type=\"column\">\n\t\t\t<div class=\"elementor-widget-wrap elementor-element-populated\">\n\t\t\t\t\t\t<div class=\"elementor-element elementor-element-9543b23 elementor-widget elementor-widget-heading\" data-id=\"9543b23\" data-element_type=\"widget\" data-widget_type=\"heading.default\">\n\t\t\t\t<div class=\"elementor-widget-container\">\n\t\t\t\t\t<h3 class=\"elementor-heading-title elementor-size-default\">NOTICIAS<\/h3>\t\t\t\t<\/div>\n\t\t\t\t<\/div>\n\t\t\t\t<div class=\"elementor-element elementor-element-f091729 elementor-grid-mobile-2 elementor-posts--align-center elementor-grid-3 elementor-grid-tablet-2 elementor-posts--thumbnail-top elementor-widget elementor-widget-posts\" data-id=\"f091729\" data-element_type=\"widget\" data-settings=\"{&quot;classic_row_gap&quot;:{&quot;unit&quot;:&quot;px&quot;,&quot;size&quot;:12,&quot;sizes&quot;:[]},&quot;classic_columns_mobile&quot;:&quot;2&quot;,&quot;pagination_type&quot;:&quot;numbers_and_prev_next&quot;,&quot;classic_columns&quot;:&quot;3&quot;,&quot;classic_columns_tablet&quot;:&quot;2&quot;,&quot;classic_row_gap_tablet&quot;:{&quot;unit&quot;:&quot;px&quot;,&quot;size&quot;:&quot;&quot;,&quot;sizes&quot;:[]},&quot;classic_row_gap_mobile&quot;:{&quot;unit&quot;:&quot;px&quot;,&quot;size&quot;:&quot;&quot;,&quot;sizes&quot;:[]}}\" data-widget_type=\"posts.classic\">\n\t\t\t\t<div class=\"elementor-widget-container\">\n\t\t\t\t\t\t\t<div class=\"elementor-posts-container elementor-posts elementor-posts--skin-classic elementor-grid\" role=\"list\">\n\t\t\t\t<article class=\"elementor-post elementor-grid-item post-3925 page type-page status-publish has-post-thumbnail hentry category-clases-2025 category-noticias\" role=\"listitem\">\n\t\t\t\t<a class=\"elementor-post__thumbnail__link\" href=\"https:\/\/fhs.cl\/wp\/celebracion-dia-de-la-actividad-fisica-06-de-abril\/\" tabindex=\"-1\" >\n\t\t\t<div class=\"elementor-post__thumbnail\"><img fetchpriority=\"high\" decoding=\"async\" width=\"276\" height=\"182\" src=\"https:\/\/fhs.cl\/wp\/wp-content\/uploads\/2026\/04\/Corrida-1.jpg\" class=\"attachment-full size-full wp-image-3927\" alt=\"\" \/><\/div>\n\t\t<\/a>\n\t\t\t\t<div class=\"elementor-post__text\">\n\t\t\t\t<h2 class=\"elementor-post__title\">\n\t\t\t<a href=\"https:\/\/fhs.cl\/wp\/celebracion-dia-de-la-actividad-fisica-06-de-abril\/\" >\n\t\t\t\tCelebraci\u00f3n d\u00eda de la actividad f\u00edsica 06 de Abril\t\t\t<\/a>\n\t\t<\/h2>\n\t\t\t\t<div class=\"elementor-post__meta-data\">\n\t\t\t\t\t<span class=\"elementor-post-date\">\n\t\t\t2 abril, 2026\t\t<\/span>\n\t\t\t\t<\/div>\n\t\t\t\t<\/div>\n\t\t\t\t<\/article>\n\t\t\t\t<article class=\"elementor-post elementor-grid-item post-3908 page type-page status-publish has-post-thumbnail hentry category-clases-2025 category-noticias\" role=\"listitem\">\n\t\t\t\t<a class=\"elementor-post__thumbnail__link\" href=\"https:\/\/fhs.cl\/wp\/acciones-formativas-presentes-contra-la-violencia\/\" tabindex=\"-1\" >\n\t\t\t<div class=\"elementor-post__thumbnail\"><img decoding=\"async\" width=\"289\" height=\"155\" src=\"https:\/\/fhs.cl\/wp\/wp-content\/uploads\/2026\/03\/comunicado-e1774981237892.png\" class=\"attachment-full size-full wp-image-3909\" alt=\"\" \/><\/div>\n\t\t<\/a>\n\t\t\t\t<div class=\"elementor-post__text\">\n\t\t\t\t<h2 class=\"elementor-post__title\">\n\t\t\t<a href=\"https:\/\/fhs.cl\/wp\/acciones-formativas-presentes-contra-la-violencia\/\" >\n\t\t\t\tAcciones Formativas &#8211; Presentes contra la violencia\t\t\t<\/a>\n\t\t<\/h2>\n\t\t\t\t<div class=\"elementor-post__meta-data\">\n\t\t\t\t\t<span class=\"elementor-post-date\">\n\t\t\t31 marzo, 2026\t\t<\/span>\n\t\t\t\t<\/div>\n\t\t\t\t<\/div>\n\t\t\t\t<\/article>\n\t\t\t\t<article class=\"elementor-post elementor-grid-item post-3899 page type-page status-publish has-post-thumbnail hentry category-clases-2025 category-noticias\" role=\"listitem\">\n\t\t\t\t<a class=\"elementor-post__thumbnail__link\" href=\"https:\/\/fhs.cl\/wp\/suspension-de-talleres-y-academias-lunes-30-de-marzo\/\" tabindex=\"-1\" >\n\t\t\t<div class=\"elementor-post__thumbnail\"><img decoding=\"async\" width=\"225\" height=\"225\" src=\"https:\/\/fhs.cl\/wp\/wp-content\/uploads\/2026\/03\/suspension.jpg\" class=\"attachment-full size-full wp-image-3900\" alt=\"\" srcset=\"https:\/\/fhs.cl\/wp\/wp-content\/uploads\/2026\/03\/suspension.jpg 225w, https:\/\/fhs.cl\/wp\/wp-content\/uploads\/2026\/03\/suspension-150x150.jpg 150w\" sizes=\"(max-width: 225px) 100vw, 225px\" \/><\/div>\n\t\t<\/a>\n\t\t\t\t<div class=\"elementor-post__text\">\n\t\t\t\t<h2 class=\"elementor-post__title\">\n\t\t\t<a href=\"https:\/\/fhs.cl\/wp\/suspension-de-talleres-y-academias-lunes-30-de-marzo\/\" >\n\t\t\t\tSuspensi\u00f3n de talleres y academias \u2013 lunes 30 de marzo\t\t\t<\/a>\n\t\t<\/h2>\n\t\t\t\t<div class=\"elementor-post__meta-data\">\n\t\t\t\t\t<span class=\"elementor-post-date\">\n\t\t\t27 marzo, 2026\t\t<\/span>\n\t\t\t\t<\/div>\n\t\t\t\t<\/div>\n\t\t\t\t<\/article>\n\t\t\t\t<article class=\"elementor-post elementor-grid-item post-3887 page type-page status-publish has-post-thumbnail hentry category-clases-2025 category-noticias\" role=\"listitem\">\n\t\t\t\t<a class=\"elementor-post__thumbnail__link\" href=\"https:\/\/fhs.cl\/wp\/aviso-academias-y-talleres-artisticos-y-deportivos\/\" tabindex=\"-1\" >\n\t\t\t<div class=\"elementor-post__thumbnail\"><img loading=\"lazy\" decoding=\"async\" width=\"300\" height=\"168\" src=\"https:\/\/fhs.cl\/wp\/wp-content\/uploads\/2026\/03\/images.png\" class=\"attachment-full size-full wp-image-3888\" alt=\"\" \/><\/div>\n\t\t<\/a>\n\t\t\t\t<div class=\"elementor-post__text\">\n\t\t\t\t<h2 class=\"elementor-post__title\">\n\t\t\t<a href=\"https:\/\/fhs.cl\/wp\/aviso-academias-y-talleres-artisticos-y-deportivos\/\" >\n\t\t\t\tAviso academias y talleres art\u00edsticos y deportivos.\t\t\t<\/a>\n\t\t<\/h2>\n\t\t\t\t<div class=\"elementor-post__meta-data\">\n\t\t\t\t\t<span class=\"elementor-post-date\">\n\t\t\t22 marzo, 2026\t\t<\/span>\n\t\t\t\t<\/div>\n\t\t\t\t<\/div>\n\t\t\t\t<\/article>\n\t\t\t\t<article class=\"elementor-post elementor-grid-item post-3876 page type-page status-publish has-post-thumbnail hentry category-clases-2025 category-noticias\" role=\"listitem\">\n\t\t\t\t<a class=\"elementor-post__thumbnail__link\" href=\"https:\/\/fhs.cl\/wp\/informacion-de-contacto-de-docentes-y-equipo-educativo\/\" tabindex=\"-1\" >\n\t\t\t<div class=\"elementor-post__thumbnail\"><img loading=\"lazy\" decoding=\"async\" width=\"643\" height=\"342\" src=\"https:\/\/fhs.cl\/wp\/wp-content\/uploads\/2026\/03\/correo.jpg\" class=\"attachment-full size-full wp-image-3877\" alt=\"\" srcset=\"https:\/\/fhs.cl\/wp\/wp-content\/uploads\/2026\/03\/correo.jpg 643w, https:\/\/fhs.cl\/wp\/wp-content\/uploads\/2026\/03\/correo-300x160.jpg 300w, https:\/\/fhs.cl\/wp\/wp-content\/uploads\/2026\/03\/correo-500x266.jpg 500w\" sizes=\"(max-width: 643px) 100vw, 643px\" \/><\/div>\n\t\t<\/a>\n\t\t\t\t<div class=\"elementor-post__text\">\n\t\t\t\t<h2 class=\"elementor-post__title\">\n\t\t\t<a href=\"https:\/\/fhs.cl\/wp\/informacion-de-contacto-de-docentes-y-equipo-educativo\/\" >\n\t\t\t\tInformaci\u00f3n de contacto de docentes y Equipo Educativo\t\t\t<\/a>\n\t\t<\/h2>\n\t\t\t\t<div class=\"elementor-post__meta-data\">\n\t\t\t\t\t<span class=\"elementor-post-date\">\n\t\t\t19 marzo, 2026\t\t<\/span>\n\t\t\t\t<\/div>\n\t\t\t\t<\/div>\n\t\t\t\t<\/article>\n\t\t\t\t<article class=\"elementor-post elementor-grid-item post-3864 page type-page status-publish has-post-thumbnail hentry category-clases-2025 category-noticias\" role=\"listitem\">\n\t\t\t\t<a class=\"elementor-post__thumbnail__link\" href=\"https:\/\/fhs.cl\/wp\/convocatoria-a-primera-reunion-de-apoderados\/\" tabindex=\"-1\" >\n\t\t\t<div class=\"elementor-post__thumbnail\"><img loading=\"lazy\" decoding=\"async\" width=\"520\" height=\"245\" src=\"https:\/\/fhs.cl\/wp\/wp-content\/uploads\/2026\/03\/reunion-de-apoderados.png\" class=\"attachment-full size-full wp-image-3867\" alt=\"\" srcset=\"https:\/\/fhs.cl\/wp\/wp-content\/uploads\/2026\/03\/reunion-de-apoderados.png 520w, https:\/\/fhs.cl\/wp\/wp-content\/uploads\/2026\/03\/reunion-de-apoderados-300x141.png 300w, https:\/\/fhs.cl\/wp\/wp-content\/uploads\/2026\/03\/reunion-de-apoderados-500x236.png 500w\" sizes=\"(max-width: 520px) 100vw, 520px\" \/><\/div>\n\t\t<\/a>\n\t\t\t\t<div class=\"elementor-post__text\">\n\t\t\t\t<h2 class=\"elementor-post__title\">\n\t\t\t<a href=\"https:\/\/fhs.cl\/wp\/convocatoria-a-primera-reunion-de-apoderados\/\" >\n\t\t\t\tConvocatoria a Primera Reuni\u00f3n de Apoderados\t\t\t<\/a>\n\t\t<\/h2>\n\t\t\t\t<div class=\"elementor-post__meta-data\">\n\t\t\t\t\t<span class=\"elementor-post-date\">\n\t\t\t12 marzo, 2026\t\t<\/span>\n\t\t\t\t<\/div>\n\t\t\t\t<\/div>\n\t\t\t\t<\/article>\n\t\t\t\t<article class=\"elementor-post elementor-grid-item post-3852 page type-page status-publish has-post-thumbnail hentry category-clases-2025\" role=\"listitem\">\n\t\t\t\t<a class=\"elementor-post__thumbnail__link\" href=\"https:\/\/fhs.cl\/wp\/inicio-ano-escolar-2026\/\" tabindex=\"-1\" >\n\t\t\t<div class=\"elementor-post__thumbnail\"><img loading=\"lazy\" decoding=\"async\" width=\"300\" height=\"250\" src=\"https:\/\/fhs.cl\/wp\/wp-content\/uploads\/2026\/02\/Fhs02.jpg\" class=\"attachment-full size-full wp-image-3858\" alt=\"\" \/><\/div>\n\t\t<\/a>\n\t\t\t\t<div class=\"elementor-post__text\">\n\t\t\t\t<h2 class=\"elementor-post__title\">\n\t\t\t<a href=\"https:\/\/fhs.cl\/wp\/inicio-ano-escolar-2026\/\" >\n\t\t\t\tInicio A\u00f1o Escolar 2026\t\t\t<\/a>\n\t\t<\/h2>\n\t\t\t\t<div class=\"elementor-post__meta-data\">\n\t\t\t\t\t<span class=\"elementor-post-date\">\n\t\t\t20 febrero, 2026\t\t<\/span>\n\t\t\t\t<\/div>\n\t\t\t\t<\/div>\n\t\t\t\t<\/article>\n\t\t\t\t<article class=\"elementor-post elementor-grid-item post-3802 page type-page status-publish has-post-thumbnail hentry category-clases-2025 category-noticias\" role=\"listitem\">\n\t\t\t\t<a class=\"elementor-post__thumbnail__link\" href=\"https:\/\/fhs.cl\/wp\/comunicado-de-bienvenida-ano-2026-lista-de-utiles-y-uniforme-institucional\/\" tabindex=\"-1\" >\n\t\t\t<div class=\"elementor-post__thumbnail\"><img loading=\"lazy\" decoding=\"async\" width=\"252\" height=\"200\" src=\"https:\/\/fhs.cl\/wp\/wp-content\/uploads\/2026\/01\/comunicado.png\" class=\"attachment-full size-full wp-image-3836\" alt=\"\" \/><\/div>\n\t\t<\/a>\n\t\t\t\t<div class=\"elementor-post__text\">\n\t\t\t\t<h2 class=\"elementor-post__title\">\n\t\t\t<a href=\"https:\/\/fhs.cl\/wp\/comunicado-de-bienvenida-ano-2026-lista-de-utiles-y-uniforme-institucional\/\" >\n\t\t\t\tComunicado de Bienvenida a\u00f1o 2026 , lista de \u00fatiles y uniforme institucional\t\t\t<\/a>\n\t\t<\/h2>\n\t\t\t\t<div class=\"elementor-post__meta-data\">\n\t\t\t\t\t<span class=\"elementor-post-date\">\n\t\t\t7 enero, 2026\t\t<\/span>\n\t\t\t\t<\/div>\n\t\t\t\t<\/div>\n\t\t\t\t<\/article>\n\t\t\t\t<article class=\"elementor-post elementor-grid-item post-3758 page type-page status-publish has-post-thumbnail hentry category-clases-2025 category-noticias\" role=\"listitem\">\n\t\t\t\t<a class=\"elementor-post__thumbnail__link\" href=\"https:\/\/fhs.cl\/wp\/fechas-de-matricula-2026-estudiantes-antiguos\/\" tabindex=\"-1\" >\n\t\t\t<div class=\"elementor-post__thumbnail\"><img loading=\"lazy\" decoding=\"async\" width=\"300\" height=\"220\" src=\"https:\/\/fhs.cl\/wp\/wp-content\/uploads\/2021\/03\/newsfhs.jpg\" class=\"attachment-full size-full wp-image-2583\" alt=\"\" \/><\/div>\n\t\t<\/a>\n\t\t\t\t<div class=\"elementor-post__text\">\n\t\t\t\t<h2 class=\"elementor-post__title\">\n\t\t\t<a href=\"https:\/\/fhs.cl\/wp\/fechas-de-matricula-2026-estudiantes-antiguos\/\" >\n\t\t\t\tFechas de Matr\u00edcula 2026 &#8211; Estudiantes Antiguos\t\t\t<\/a>\n\t\t<\/h2>\n\t\t\t\t<div class=\"elementor-post__meta-data\">\n\t\t\t\t\t<span class=\"elementor-post-date\">\n\t\t\t27 octubre, 2025\t\t<\/span>\n\t\t\t\t<\/div>\n\t\t\t\t<\/div>\n\t\t\t\t<\/article>\n\t\t\t\t<\/div>\n\t\t\n\t\t\t\t<div class=\"e-load-more-anchor\" data-page=\"1\" data-max-page=\"4\" data-next-page=\"https:\/\/fhs.cl\/wp\/wp-json\/wp\/v2\/pages\/27\/page\/2\/\"><\/div>\n\t\t\t\t<nav class=\"elementor-pagination\" aria-label=\"Paginaci\u00f3n\">\n\t\t\t<span class=\"page-numbers prev\">&laquo; Previo<\/span>\n<span aria-current=\"page\" class=\"page-numbers current\"><span class=\"elementor-screen-only\">P\u00e1gina<\/span>1<\/span>\n<a class=\"page-numbers\" href=\"https:\/\/fhs.cl\/wp\/wp-json\/wp\/v2\/pages\/27\/page\/2\/\"><span class=\"elementor-screen-only\">P\u00e1gina<\/span>2<\/a>\n<a class=\"page-numbers\" href=\"https:\/\/fhs.cl\/wp\/wp-json\/wp\/v2\/pages\/27\/page\/3\/\"><span class=\"elementor-screen-only\">P\u00e1gina<\/span>3<\/a>\n<a class=\"page-numbers\" href=\"https:\/\/fhs.cl\/wp\/wp-json\/wp\/v2\/pages\/27\/page\/4\/\"><span class=\"elementor-screen-only\">P\u00e1gina<\/span>4<\/a>\n<a class=\"page-numbers next\" href=\"https:\/\/fhs.cl\/wp\/wp-json\/wp\/v2\/pages\/27\/page\/2\/\">Pr\u00f3ximo &raquo;<\/a>\t\t<\/nav>\n\t\t\t\t\t\t<\/div>\n\t\t\t\t<\/div>\n\t\t\t\t\t<\/div>\n\t\t<\/div>\n\t\t\t\t\t<\/div>\n\t\t<\/section>\n\t\t\t\t<\/div>\n\t\t","protected":false},"excerpt":{"rendered":"<p>NOTICIAS<\/p>\n","protected":false},"author":1,"featured_media":40,"parent":0,"menu_order":0,"comment_status":"closed","ping_status":"closed","template":"","meta":{"site-sidebar-layout":"default","site-content-layout":"default","ast-site-content-layout":"default","site-content-style":"default","site-sidebar-style":"default","ast-global-header-display":"","ast-banner-title-visibility":"","ast-main-header-display":"","ast-hfb-above-header-display":"","ast-hfb-below-header-display":"","ast-hfb-mobile-header-display":"","site-post-title":"disabled","ast-breadcrumbs-content":"","ast-featured-img":"disabled","footer-sml-layout":"","ast-disable-related-posts":"","theme-transparent-header-meta":"default","adv-header-id-meta":"","stick-header-meta":"default","header-above-stick-meta":"","header-main-stick-meta":"","header-below-stick-meta":"","astra-migrate-meta-layouts":"default","ast-page-background-enabled":"default","ast-page-background-meta":{"desktop":{"background-color":"var(--ast-global-color-4)","background-image":"","background-repeat":"repeat","background-position":"center center","background-size":"auto","background-attachment":"scroll","background-type":"","background-media":"","overlay-type":"","overlay-color":"","overlay-opacity":"","overlay-gradient":""},"tablet":{"background-color":"","background-image":"","background-repeat":"repeat","background-position":"center center","background-size":"auto","background-attachment":"scroll","background-type":"","background-media":"","overlay-type":"","overlay-color":"","overlay-opacity":"","overlay-gradient":""},"mobile":{"background-color":"","background-image":"","background-repeat":"repeat","background-position":"center center","background-size":"auto","background-attachment":"scroll","background-type":"","background-media":"","overlay-type":"","overlay-color":"","overlay-opacity":"","overlay-gradient":""}},"ast-content-background-meta":{"desktop":{"background-color":"var(--ast-global-color-5)","background-image":"","background-repeat":"repeat","background-position":"center center","background-size":"auto","background-attachment":"scroll","background-type":"","background-media":"","overlay-type":"","overlay-color":"","overlay-opacity":"","overlay-gradient":""},"tablet":{"background-color":"var(--ast-global-color-5)","background-image":"","background-repeat":"repeat","background-position":"center center","background-size":"auto","background-attachment":"scroll","background-type":"","background-media":"","overlay-type":"","overlay-color":"","overlay-opacity":"","overlay-gradient":""},"mobile":{"background-color":"var(--ast-global-color-5)","background-image":"","background-repeat":"repeat","background-position":"center center","background-size":"auto","background-attachment":"scroll","background-type":"","background-media":"","overlay-type":"","overlay-color":"","overlay-opacity":"","overlay-gradient":""}},"footnotes":""},"categories":[],"tags":[],"class_list":["post-27","page","type-page","status-publish","has-post-thumbnail","hentry"],"_links":{"self":[{"href":"https:\/\/fhs.cl\/wp\/wp-json\/wp\/v2\/pages\/27","targetHints":{"allow":["GET"]}}],"collection":[{"href":"https:\/\/fhs.cl\/wp\/wp-json\/wp\/v2\/pages"}],"about":[{"href":"https:\/\/fhs.cl\/wp\/wp-json\/wp\/v2\/types\/page"}],"author":[{"embeddable":true,"href":"https:\/\/fhs.cl\/wp\/wp-json\/wp\/v2\/users\/1"}],"replies":[{"embeddable":true,"href":"https:\/\/fhs.cl\/wp\/wp-json\/wp\/v2\/comments?post=27"}],"version-history":[{"count":143,"href":"https:\/\/fhs.cl\/wp\/wp-json\/wp\/v2\/pages\/27\/revisions"}],"predecessor-version":[{"id":3850,"href":"https:\/\/fhs.cl\/wp\/wp-json\/wp\/v2\/pages\/27\/revisions\/3850"}],"wp:featuredmedia":[{"embeddable":true,"href":"https:\/\/fhs.cl\/wp\/wp-json\/wp\/v2\/media\/40"}],"wp:attachment":[{"href":"https:\/\/fhs.cl\/wp\/wp-json\/wp\/v2\/media?parent=27"}],"wp:term":[{"taxonomy":"category","embeddable":true,"href":"https:\/\/fhs.cl\/wp\/wp-json\/wp\/v2\/categories?post=27"},{"taxonomy":"post_tag","embeddable":true,"href":"https:\/\/fhs.cl\/wp\/wp-json\/wp\/v2\/tags?post=27"}],"curies":[{"name":"wp","href":"https:\/\/api.w.org\/{rel}","templated":true}]}}