{"id":3864,"date":"2026-03-12T08:55:41","date_gmt":"2026-03-12T12:55:41","guid":{"rendered":"https:\/\/fhs.cl\/wp\/?page_id=3864"},"modified":"2026-03-12T10:09:04","modified_gmt":"2026-03-12T14:09:04","slug":"convocatoria-a-primera-reunion-de-apoderados","status":"publish","type":"page","link":"https:\/\/fhs.cl\/wp\/convocatoria-a-primera-reunion-de-apoderados\/","title":{"rendered":"Convocatoria a Primera Reuni\u00f3n de Apoderados"},"content":{"rendered":"\t\t<div data-elementor-type=\"wp-page\" data-elementor-id=\"3864\" class=\"elementor elementor-3864\" data-elementor-post-type=\"page\">\n\t\t\t\t\t\t<section class=\"has_ae_slider elementor-section elementor-top-section elementor-element elementor-element-4c749b7 elementor-section-boxed elementor-section-height-default elementor-section-height-default ae-bg-gallery-type-default\" data-id=\"4c749b7\" data-element_type=\"section\">\n\t\t\t\t\t\t<div class=\"elementor-container elementor-column-gap-default\">\n\t\t\t\t\t<div class=\"has_ae_slider elementor-column elementor-col-100 elementor-top-column elementor-element elementor-element-57a67ea ae-bg-gallery-type-default\" data-id=\"57a67ea\" data-element_type=\"column\">\n\t\t\t<div class=\"elementor-widget-wrap elementor-element-populated\">\n\t\t\t\t\t\t<section class=\"has_ae_slider elementor-section elementor-inner-section elementor-element elementor-element-0b94b1a elementor-section-boxed elementor-section-height-default elementor-section-height-default ae-bg-gallery-type-default\" data-id=\"0b94b1a\" data-element_type=\"section\">\n\t\t\t\t\t\t<div class=\"elementor-container elementor-column-gap-default\">\n\t\t\t\t\t<div class=\"has_ae_slider elementor-column elementor-col-50 elementor-inner-column elementor-element elementor-element-ebe4a20 ae-bg-gallery-type-default\" data-id=\"ebe4a20\" data-element_type=\"column\">\n\t\t\t<div class=\"elementor-widget-wrap elementor-element-populated\">\n\t\t\t\t\t\t<div class=\"elementor-element elementor-element-47febea elementor-widget elementor-widget-text-editor\" data-id=\"47febea\" data-element_type=\"widget\" data-widget_type=\"text-editor.default\">\n\t\t\t\t<div class=\"elementor-widget-container\">\n\t\t\t\t\t\t\t\t\t<p class=\"isSelectedEnd\"><strong><span style=\"color: #800000;\">Estimados padres y apoderados FHS:<\/span><\/strong><\/p>\n<p class=\"isSelectedEnd\">Junto con saludar, informamos a ustedes que se realizar\u00e1 la <strong>primera reuni\u00f3n de apoderados del presente a\u00f1o acad\u00e9mico<\/strong>, instancia de gran importancia para compartir informaci\u00f3n relevante sobre el funcionamiento del establecimiento, lineamientos del curso y organizaci\u00f3n del a\u00f1o escolar.<\/p>\n<p class=\"isSelectedEnd\">Las reuniones se realizar\u00e1n seg\u00fan el siguiente calendario:<\/p>\n<p class=\"isSelectedEnd\"><strong>Mi\u00e9rcoles 18 de marzo<\/strong><\/p>\n<ul data-spread=\"false\">\n<li>\n<p class=\"isSelectedEnd\">1\u00b0 B\u00e1sico<\/p>\n<\/li>\n<li>\n<p class=\"isSelectedEnd\">2\u00b0 B\u00e1sico<\/p>\n<\/li>\n<li>\n<p class=\"isSelectedEnd\">3\u00b0 B\u00e1sico<\/p>\n<\/li>\n<li>\n<p class=\"isSelectedEnd\">4\u00b0 B\u00e1sico<\/p>\n<\/li>\n<li>\n<p class=\"isSelectedEnd\">6\u00b0 B\u00e1sico<\/p>\n<\/li>\n<\/ul>\n<p class=\"isSelectedEnd\"><strong>Jueves 19 de marzo<\/strong><\/p>\n<ul data-spread=\"false\">\n<li>\n<p class=\"isSelectedEnd\">5\u00b0 B\u00e1sico<\/p>\n<\/li>\n<li>\n<p class=\"isSelectedEnd\">7\u00b0 B\u00e1sico<\/p>\n<\/li>\n<li>\n<p class=\"isSelectedEnd\">8\u00b0 B\u00e1sico<\/p>\n<\/li>\n<li>\n<p class=\"isSelectedEnd\">I Medio<\/p>\n<\/li>\n<li>\n<p class=\"isSelectedEnd\">II Medio<\/p>\n<\/li>\n<li>\n<p class=\"isSelectedEnd\">III Medio<\/p>\n<\/li>\n<li>\n<p>IV Medio<\/p>\n<\/li>\n<\/ul>\n<p class=\"isSelectedEnd\"><strong><span style=\"color: #800000;\">Horario: 18:30 a 19:30 horas.<\/span><\/strong><\/p>\n<p class=\"isSelectedEnd\">Solicitamos encarecidamente <strong>puntualidad y asistencia<\/strong>, ya que se tratar\u00e1n temas relevantes para el desarrollo del a\u00f1o escolar.<\/p>\n<p class=\"isSelectedEnd\">Asimismo, informamos que <strong>no est\u00e1 permitido asistir con ni\u00f1os o estudiantes<\/strong>, con el fin de resguardar el adecuado desarrollo de la reuni\u00f3n.<\/p>\n<p class=\"isSelectedEnd\">Agradecemos desde ya su compromiso y participaci\u00f3n.<\/p>\n<p><span style=\"color: #800000;\"><strong>Equipo Liderazgo FHS.<\/strong><\/span><\/p>\t\t\t\t\t\t\t\t<\/div>\n\t\t\t\t<\/div>\n\t\t\t\t\t<\/div>\n\t\t<\/div>\n\t\t\t\t<div class=\"has_ae_slider elementor-column elementor-col-50 elementor-inner-column elementor-element elementor-element-6761d27 ae-bg-gallery-type-default\" data-id=\"6761d27\" data-element_type=\"column\">\n\t\t\t<div class=\"elementor-widget-wrap elementor-element-populated\">\n\t\t\t\t\t\t<div class=\"elementor-element elementor-element-fd20c10 elementor-widget elementor-widget-image\" data-id=\"fd20c10\" data-element_type=\"widget\" data-widget_type=\"image.default\">\n\t\t\t\t<div class=\"elementor-widget-container\">\n\t\t\t\t\t\t\t\t\t\t\t\t\t\t\t<img decoding=\"async\" src=\"https:\/\/fhs.cl\/wp\/wp-content\/uploads\/2026\/03\/Insignia-FHS.png\" title=\"Insignia-FHS\" alt=\"Insignia-FHS\" loading=\"lazy\" \/>\t\t\t\t\t\t\t\t\t\t\t\t\t\t\t<\/div>\n\t\t\t\t<\/div>\n\t\t\t\t\t<\/div>\n\t\t<\/div>\n\t\t\t\t\t<\/div>\n\t\t<\/section>\n\t\t\t\t\t<\/div>\n\t\t<\/div>\n\t\t\t\t\t<\/div>\n\t\t<\/section>\n\t\t\t\t<section class=\"has_ae_slider elementor-section elementor-top-section elementor-element elementor-element-42915da elementor-section-boxed elementor-section-height-default elementor-section-height-default ae-bg-gallery-type-default\" data-id=\"42915da\" data-element_type=\"section\">\n\t\t\t\t\t\t<div class=\"elementor-container elementor-column-gap-default\">\n\t\t\t\t\t<div class=\"has_ae_slider elementor-column elementor-col-100 elementor-top-column elementor-element elementor-element-b69eb51 ae-bg-gallery-type-default\" data-id=\"b69eb51\" data-element_type=\"column\">\n\t\t\t<div class=\"elementor-widget-wrap elementor-element-populated\">\n\t\t\t\t\t\t<div class=\"elementor-element elementor-element-757d7e6 elementor-widget elementor-widget-heading\" data-id=\"757d7e6\" data-element_type=\"widget\" data-widget_type=\"heading.default\">\n\t\t\t\t<div class=\"elementor-widget-container\">\n\t\t\t\t\t<h2 class=\"elementor-heading-title elementor-size-default\">ALTAS EXPECTATIVAS, COMPROMISO Y CONFIANZA.<\/h2>\t\t\t\t<\/div>\n\t\t\t\t<\/div>\n\t\t\t\t\t<\/div>\n\t\t<\/div>\n\t\t\t\t\t<\/div>\n\t\t<\/section>\n\t\t\t\t<\/div>\n\t\t","protected":false},"excerpt":{"rendered":"<p>Estimados padres y apoderados FHS: Junto con saludar, informamos a ustedes que se realizar\u00e1 la primera reuni\u00f3n de apoderados del presente a\u00f1o acad\u00e9mico, instancia de gran importancia para compartir informaci\u00f3n relevante sobre el funcionamiento del establecimiento, lineamientos del curso y organizaci\u00f3n del a\u00f1o escolar. Las reuniones se realizar\u00e1n seg\u00fan el siguiente calendario: Mi\u00e9rcoles 18 de [&hellip;]<\/p>\n","protected":false},"author":3,"featured_media":3867,"parent":0,"menu_order":0,"comment_status":"closed","ping_status":"closed","template":"","meta":{"site-sidebar-layout":"no-sidebar","site-content-layout":"page-builder","ast-site-content-layout":"full-width-container","site-content-style":"default","site-sidebar-style":"default","ast-global-header-display":"","ast-banner-title-visibility":"","ast-main-header-display":"","ast-hfb-above-header-display":"","ast-hfb-below-header-display":"","ast-hfb-mobile-header-display":"","site-post-title":"","ast-breadcrumbs-content":"","ast-featured-img":"disabled","footer-sml-layout":"","ast-disable-related-posts":"","theme-transparent-header-meta":"","adv-header-id-meta":"","stick-header-meta":"","header-above-stick-meta":"","header-main-stick-meta":"","header-below-stick-meta":"","astra-migrate-meta-layouts":"set","ast-page-background-enabled":"default","ast-page-background-meta":{"desktop":{"background-color":"var(--ast-global-color-4)","background-image":"","background-repeat":"repeat","background-position":"center center","background-size":"auto","background-attachment":"scroll","background-type":"","background-media":"","overlay-type":"","overlay-color":"","overlay-opacity":"","overlay-gradient":""},"tablet":{"background-color":"","background-image":"","background-repeat":"repeat","background-position":"center center","background-size":"auto","background-attachment":"scroll","background-type":"","background-media":"","overlay-type":"","overlay-color":"","overlay-opacity":"","overlay-gradient":""},"mobile":{"background-color":"","background-image":"","background-repeat":"repeat","background-position":"center center","background-size":"auto","background-attachment":"scroll","background-type":"","background-media":"","overlay-type":"","overlay-color":"","overlay-opacity":"","overlay-gradient":""}},"ast-content-background-meta":{"desktop":{"background-color":"var(--ast-global-color-5)","background-image":"","background-repeat":"repeat","background-position":"center center","background-size":"auto","background-attachment":"scroll","background-type":"","background-media":"","overlay-type":"","overlay-color":"","overlay-opacity":"","overlay-gradient":""},"tablet":{"background-color":"var(--ast-global-color-5)","background-image":"","background-repeat":"repeat","background-position":"center center","background-size":"auto","background-attachment":"scroll","background-type":"","background-media":"","overlay-type":"","overlay-color":"","overlay-opacity":"","overlay-gradient":""},"mobile":{"background-color":"var(--ast-global-color-5)","background-image":"","background-repeat":"repeat","background-position":"center center","background-size":"auto","background-attachment":"scroll","background-type":"","background-media":"","overlay-type":"","overlay-color":"","overlay-opacity":"","overlay-gradient":""}},"footnotes":""},"categories":[35,6],"tags":[],"class_list":["post-3864","page","type-page","status-publish","has-post-thumbnail","hentry","category-clases-2025","category-noticias"],"_links":{"self":[{"href":"https:\/\/fhs.cl\/wp\/wp-json\/wp\/v2\/pages\/3864","targetHints":{"allow":["GET"]}}],"collection":[{"href":"https:\/\/fhs.cl\/wp\/wp-json\/wp\/v2\/pages"}],"about":[{"href":"https:\/\/fhs.cl\/wp\/wp-json\/wp\/v2\/types\/page"}],"author":[{"embeddable":true,"href":"https:\/\/fhs.cl\/wp\/wp-json\/wp\/v2\/users\/3"}],"replies":[{"embeddable":true,"href":"https:\/\/fhs.cl\/wp\/wp-json\/wp\/v2\/comments?post=3864"}],"version-history":[{"count":7,"href":"https:\/\/fhs.cl\/wp\/wp-json\/wp\/v2\/pages\/3864\/revisions"}],"predecessor-version":[{"id":3873,"href":"https:\/\/fhs.cl\/wp\/wp-json\/wp\/v2\/pages\/3864\/revisions\/3873"}],"wp:featuredmedia":[{"embeddable":true,"href":"https:\/\/fhs.cl\/wp\/wp-json\/wp\/v2\/media\/3867"}],"wp:attachment":[{"href":"https:\/\/fhs.cl\/wp\/wp-json\/wp\/v2\/media?parent=3864"}],"wp:term":[{"taxonomy":"category","embeddable":true,"href":"https:\/\/fhs.cl\/wp\/wp-json\/wp\/v2\/categories?post=3864"},{"taxonomy":"post_tag","embeddable":true,"href":"https:\/\/fhs.cl\/wp\/wp-json\/wp\/v2\/tags?post=3864"}],"curies":[{"name":"wp","href":"https:\/\/api.w.org\/{rel}","templated":true}]}}