{"id":3876,"date":"2026-03-19T13:41:49","date_gmt":"2026-03-19T17:41:49","guid":{"rendered":"https:\/\/fhs.cl\/wp\/?page_id=3876"},"modified":"2026-03-19T13:42:40","modified_gmt":"2026-03-19T17:42:40","slug":"informacion-de-contacto-de-docentes-y-equipo-educativo","status":"publish","type":"page","link":"https:\/\/fhs.cl\/wp\/informacion-de-contacto-de-docentes-y-equipo-educativo\/","title":{"rendered":"Informaci\u00f3n de contacto de docentes y Equipo Educativo"},"content":{"rendered":"\t\t<div data-elementor-type=\"wp-page\" data-elementor-id=\"3876\" class=\"elementor elementor-3876\" data-elementor-post-type=\"page\">\n\t\t\t\t\t\t<section class=\"has_ae_slider elementor-section elementor-top-section elementor-element elementor-element-1293c98 elementor-section-boxed elementor-section-height-default elementor-section-height-default ae-bg-gallery-type-default\" data-id=\"1293c98\" data-element_type=\"section\">\n\t\t\t\t\t\t<div class=\"elementor-container elementor-column-gap-default\">\n\t\t\t\t\t<div class=\"has_ae_slider elementor-column elementor-col-100 elementor-top-column elementor-element elementor-element-a9cfaae ae-bg-gallery-type-default\" data-id=\"a9cfaae\" data-element_type=\"column\">\n\t\t\t<div class=\"elementor-widget-wrap elementor-element-populated\">\n\t\t\t\t\t\t<section class=\"has_ae_slider elementor-section elementor-inner-section elementor-element elementor-element-529d79f elementor-section-boxed elementor-section-height-default elementor-section-height-default ae-bg-gallery-type-default\" data-id=\"529d79f\" data-element_type=\"section\">\n\t\t\t\t\t\t<div class=\"elementor-container elementor-column-gap-default\">\n\t\t\t\t\t<div class=\"has_ae_slider elementor-column elementor-col-50 elementor-inner-column elementor-element elementor-element-d463770 ae-bg-gallery-type-default\" data-id=\"d463770\" data-element_type=\"column\">\n\t\t\t<div class=\"elementor-widget-wrap elementor-element-populated\">\n\t\t\t\t\t\t<div class=\"elementor-element elementor-element-fda7ab9 elementor-widget elementor-widget-text-editor\" data-id=\"fda7ab9\" data-element_type=\"widget\" data-widget_type=\"text-editor.default\">\n\t\t\t\t<div class=\"elementor-widget-container\">\n\t\t\t\t\t\t\t\t\t<p class=\"isSelectedEnd\"><strong><span style=\"color: #800000;\">Estimadas madres, padres y apoderados:<\/span><\/strong><\/p><p class=\"isSelectedEnd\">Junto con saludar cordialmente, informamos a ustedes que ya se encuentra disponible el listado actualizado de docentes, docentes acompa\u00f1antes y equipo educativo de nuestro establecimiento, junto con sus respectivos correos electr\u00f3nicos de contacto.<\/p><p class=\"isSelectedEnd\">Este documento tiene como objetivo facilitar la comunicaci\u00f3n directa entre las familias y los distintos profesionales que forman parte del proceso educativo de sus hijos e hijas, permitiendo as\u00ed una mejor coordinaci\u00f3n, seguimiento acad\u00e9mico y apoyo oportuno.<\/p><p class=\"isSelectedEnd\">En el listado podr\u00e1n encontrar:<\/p><ul data-spread=\"false\"><li style=\"list-style-type: none;\"><ul data-spread=\"false\"><li><p class=\"isSelectedEnd\">Docentes acompa\u00f1antes por curso.<\/p><\/li><li><p class=\"isSelectedEnd\">Profesores de asignatura.<\/p><\/li><li><p class=\"isSelectedEnd\">Equipo de apoyo (convivencia escolar, psicolog\u00eda, UTP, asistentes, entre otros).<\/p><\/li><li><p class=\"isSelectedEnd\">Correos institucionales de cada integrante.<\/p><\/li><li><p class=\"isSelectedEnd\"><a href=\"http:\/\/fhs.cl\/wp\/wp-content\/uploads\/2026\/03\/LISTADO-DOCENTES-Y-CARGO.pdf\">LISTADO DOCENTES Y CARGO.<\/a><\/p><\/li><\/ul><\/li><\/ul><p class=\"isSelectedEnd\">Les solicitamos hacer uso responsable de estos canales de comunicaci\u00f3n, respetando los horarios laborales y priorizando siempre un trato cordial y respetuoso.<\/p><p class=\"isSelectedEnd\">Agradecemos desde ya su compromiso con el proceso educativo y la formaci\u00f3n integral de nuestros estudiantes.<\/p><p>Atte.<\/p><p><strong><span style=\"color: #800000;\">Equipo Liderazgo FHS.<\/span><\/strong><\/p>\t\t\t\t\t\t\t\t<\/div>\n\t\t\t\t<\/div>\n\t\t\t\t\t<\/div>\n\t\t<\/div>\n\t\t\t\t<div class=\"has_ae_slider elementor-column elementor-col-50 elementor-inner-column elementor-element elementor-element-775ae96 ae-bg-gallery-type-default\" data-id=\"775ae96\" data-element_type=\"column\">\n\t\t\t<div class=\"elementor-widget-wrap elementor-element-populated\">\n\t\t\t\t\t\t<div class=\"elementor-element elementor-element-70f0ad5 elementor-widget elementor-widget-image\" data-id=\"70f0ad5\" data-element_type=\"widget\" data-widget_type=\"image.default\">\n\t\t\t\t<div class=\"elementor-widget-container\">\n\t\t\t\t\t\t\t\t\t\t\t\t\t\t\t<img fetchpriority=\"high\" decoding=\"async\" width=\"300\" height=\"220\" src=\"https:\/\/fhs.cl\/wp\/wp-content\/uploads\/2021\/03\/newsfhs.jpg\" class=\"attachment-full size-full wp-image-2583\" alt=\"\" \/>\t\t\t\t\t\t\t\t\t\t\t\t\t\t\t<\/div>\n\t\t\t\t<\/div>\n\t\t\t\t\t<\/div>\n\t\t<\/div>\n\t\t\t\t\t<\/div>\n\t\t<\/section>\n\t\t\t\t\t<\/div>\n\t\t<\/div>\n\t\t\t\t\t<\/div>\n\t\t<\/section>\n\t\t\t\t<section class=\"has_ae_slider elementor-section elementor-top-section elementor-element elementor-element-f55d53a elementor-section-boxed elementor-section-height-default elementor-section-height-default ae-bg-gallery-type-default\" data-id=\"f55d53a\" data-element_type=\"section\">\n\t\t\t\t\t\t<div class=\"elementor-container elementor-column-gap-default\">\n\t\t\t\t\t<div class=\"has_ae_slider elementor-column elementor-col-100 elementor-top-column elementor-element elementor-element-f313d7a ae-bg-gallery-type-default\" data-id=\"f313d7a\" data-element_type=\"column\">\n\t\t\t<div class=\"elementor-widget-wrap elementor-element-populated\">\n\t\t\t\t\t\t<div class=\"elementor-element elementor-element-90af718 elementor-widget elementor-widget-heading\" data-id=\"90af718\" data-element_type=\"widget\" data-widget_type=\"heading.default\">\n\t\t\t\t<div class=\"elementor-widget-container\">\n\t\t\t\t\t<h2 class=\"elementor-heading-title elementor-size-default\">ALTAS EXPECTATIVAS, COMPROMISO Y CONFIANZA<\/h2>\t\t\t\t<\/div>\n\t\t\t\t<\/div>\n\t\t\t\t\t<\/div>\n\t\t<\/div>\n\t\t\t\t\t<\/div>\n\t\t<\/section>\n\t\t\t\t<\/div>\n\t\t","protected":false},"excerpt":{"rendered":"<p>Estimadas madres, padres y apoderados: Junto con saludar cordialmente, informamos a ustedes que ya se encuentra disponible el listado actualizado de docentes, docentes acompa\u00f1antes y equipo educativo de nuestro establecimiento, junto con sus respectivos correos electr\u00f3nicos de contacto. Este documento tiene como objetivo facilitar la comunicaci\u00f3n directa entre las familias y los distintos profesionales que [&hellip;]<\/p>\n","protected":false},"author":3,"featured_media":3877,"parent":0,"menu_order":0,"comment_status":"closed","ping_status":"closed","template":"","meta":{"site-sidebar-layout":"no-sidebar","site-content-layout":"page-builder","ast-site-content-layout":"full-width-container","site-content-style":"default","site-sidebar-style":"default","ast-global-header-display":"","ast-banner-title-visibility":"","ast-main-header-display":"","ast-hfb-above-header-display":"","ast-hfb-below-header-display":"","ast-hfb-mobile-header-display":"","site-post-title":"","ast-breadcrumbs-content":"","ast-featured-img":"disabled","footer-sml-layout":"","ast-disable-related-posts":"","theme-transparent-header-meta":"","adv-header-id-meta":"","stick-header-meta":"","header-above-stick-meta":"","header-main-stick-meta":"","header-below-stick-meta":"","astra-migrate-meta-layouts":"set","ast-page-background-enabled":"default","ast-page-background-meta":{"desktop":{"background-color":"var(--ast-global-color-4)","background-image":"","background-repeat":"repeat","background-position":"center center","background-size":"auto","background-attachment":"scroll","background-type":"","background-media":"","overlay-type":"","overlay-color":"","overlay-opacity":"","overlay-gradient":""},"tablet":{"background-color":"","background-image":"","background-repeat":"repeat","background-position":"center center","background-size":"auto","background-attachment":"scroll","background-type":"","background-media":"","overlay-type":"","overlay-color":"","overlay-opacity":"","overlay-gradient":""},"mobile":{"background-color":"","background-image":"","background-repeat":"repeat","background-position":"center center","background-size":"auto","background-attachment":"scroll","background-type":"","background-media":"","overlay-type":"","overlay-color":"","overlay-opacity":"","overlay-gradient":""}},"ast-content-background-meta":{"desktop":{"background-color":"var(--ast-global-color-5)","background-image":"","background-repeat":"repeat","background-position":"center center","background-size":"auto","background-attachment":"scroll","background-type":"","background-media":"","overlay-type":"","overlay-color":"","overlay-opacity":"","overlay-gradient":""},"tablet":{"background-color":"var(--ast-global-color-5)","background-image":"","background-repeat":"repeat","background-position":"center center","background-size":"auto","background-attachment":"scroll","background-type":"","background-media":"","overlay-type":"","overlay-color":"","overlay-opacity":"","overlay-gradient":""},"mobile":{"background-color":"var(--ast-global-color-5)","background-image":"","background-repeat":"repeat","background-position":"center center","background-size":"auto","background-attachment":"scroll","background-type":"","background-media":"","overlay-type":"","overlay-color":"","overlay-opacity":"","overlay-gradient":""}},"footnotes":""},"categories":[35,6],"tags":[],"class_list":["post-3876","page","type-page","status-publish","has-post-thumbnail","hentry","category-clases-2025","category-noticias"],"_links":{"self":[{"href":"https:\/\/fhs.cl\/wp\/wp-json\/wp\/v2\/pages\/3876","targetHints":{"allow":["GET"]}}],"collection":[{"href":"https:\/\/fhs.cl\/wp\/wp-json\/wp\/v2\/pages"}],"about":[{"href":"https:\/\/fhs.cl\/wp\/wp-json\/wp\/v2\/types\/page"}],"author":[{"embeddable":true,"href":"https:\/\/fhs.cl\/wp\/wp-json\/wp\/v2\/users\/3"}],"replies":[{"embeddable":true,"href":"https:\/\/fhs.cl\/wp\/wp-json\/wp\/v2\/comments?post=3876"}],"version-history":[{"count":4,"href":"https:\/\/fhs.cl\/wp\/wp-json\/wp\/v2\/pages\/3876\/revisions"}],"predecessor-version":[{"id":3886,"href":"https:\/\/fhs.cl\/wp\/wp-json\/wp\/v2\/pages\/3876\/revisions\/3886"}],"wp:featuredmedia":[{"embeddable":true,"href":"https:\/\/fhs.cl\/wp\/wp-json\/wp\/v2\/media\/3877"}],"wp:attachment":[{"href":"https:\/\/fhs.cl\/wp\/wp-json\/wp\/v2\/media?parent=3876"}],"wp:term":[{"taxonomy":"category","embeddable":true,"href":"https:\/\/fhs.cl\/wp\/wp-json\/wp\/v2\/categories?post=3876"},{"taxonomy":"post_tag","embeddable":true,"href":"https:\/\/fhs.cl\/wp\/wp-json\/wp\/v2\/tags?post=3876"}],"curies":[{"name":"wp","href":"https:\/\/api.w.org\/{rel}","templated":true}]}}